{"id":1071,"date":"2022-07-31T15:34:10","date_gmt":"2022-07-31T15:34:10","guid":{"rendered":"https:\/\/itcroctheme.com\/wp\/demos\/themes\/benqu\/?page_id=1071"},"modified":"2025-03-18T22:52:53","modified_gmt":"2025-03-18T21:52:53","slug":"a-propos-de-salivoire","status":"publish","type":"page","link":"https:\/\/salivoire.com\/index.php\/a-propos-de-salivoire\/","title":{"rendered":"A propos de Salivoire"},"content":{"rendered":"\t\t<div data-elementor-type=\"wp-page\" data-elementor-id=\"1071\" class=\"elementor elementor-1071\">\n\t\t\t\t\t\t<section class=\"elementor-section elementor-top-section elementor-element elementor-element-8253c42 elementor-section-full_width elementor-section-height-default elementor-section-height-default\" data-id=\"8253c42\" data-element_type=\"section\">\n\t\t\t\t\t\t<div class=\"elementor-container elementor-column-gap-no\">\n\t\t\t\t\t<div class=\"elementor-column elementor-col-100 elementor-top-column elementor-element elementor-element-99b02e7\" data-id=\"99b02e7\" data-element_type=\"column\">\n\t\t\t<div class=\"elementor-widget-wrap elementor-element-populated\">\n\t\t\t\t\t\t<div class=\"elementor-element elementor-element-6ddd46e elementor-widget elementor-widget-benqu-breadcrum-id\" data-id=\"6ddd46e\" data-element_type=\"widget\" data-widget_type=\"benqu-breadcrum-id.default\">\n\t\t\t\t<div class=\"elementor-widget-container\">\n\t\t\t\t\t\t<div class=\"benqu-breadcrumb\">\r\n\t\t<div class=\"container\">\r\n\t\t\t<div class=\"row\">\r\n\t\t\t\t<div class=\"col-lg-12\">\r\n                    <div class=\"breadcrumb-item\">\r\n                        <ol class=\"breadcrumb-item\"><li><a href=\"https:\/\/salivoire.com\">Accueil<\/a><\/li> <\/ol>                    <\/div>\r\n\t\t\t\t\t\r\n\t\t\t\t<\/div>\r\n\t\t\t<\/div>\r\n\t\t<\/div>\r\n\t<\/div>\r\n    \t\t\t\t<\/div>\n\t\t\t\t<\/div>\n\t\t\t\t\t<\/div>\n\t\t<\/div>\n\t\t\t\t\t<\/div>\n\t\t<\/section>\n\t\t\t\t<section class=\"elementor-section elementor-top-section elementor-element elementor-element-c0a560e elementor-section-boxed elementor-section-height-default elementor-section-height-default\" data-id=\"c0a560e\" data-element_type=\"section\">\n\t\t\t\t\t\t<div class=\"elementor-container elementor-column-gap-default\">\n\t\t\t\t\t<div class=\"elementor-column elementor-col-100 elementor-top-column elementor-element elementor-element-092562c\" data-id=\"092562c\" data-element_type=\"column\">\n\t\t\t<div class=\"elementor-widget-wrap elementor-element-populated\">\n\t\t\t\t\t\t<div class=\"elementor-element elementor-element-887054b elementor-widget elementor-widget-heading\" data-id=\"887054b\" data-element_type=\"widget\" data-widget_type=\"heading.default\">\n\t\t\t\t<div class=\"elementor-widget-container\">\n\t\t\t\t\t<h2 class=\"elementor-heading-title elementor-size-default\">A propos<\/h2>\t\t\t\t<\/div>\n\t\t\t\t<\/div>\n\t\t\t\t<div class=\"elementor-element elementor-element-8d731f0 elementor-widget elementor-widget-heading\" data-id=\"8d731f0\" data-element_type=\"widget\" data-widget_type=\"heading.default\">\n\t\t\t\t<div class=\"elementor-widget-container\">\n\t\t\t\t\t<h2 class=\"elementor-heading-title elementor-size-default\">du SAL<\/h2>\t\t\t\t<\/div>\n\t\t\t\t<\/div>\n\t\t\t\t<div class=\"elementor-element elementor-element-1f5a62c elementor-widget elementor-widget-heading\" data-id=\"1f5a62c\" data-element_type=\"widget\" data-widget_type=\"heading.default\">\n\t\t\t\t<div class=\"elementor-widget-container\">\n\t\t\t\t\t<p class=\"elementor-heading-title elementor-size-default\">Salivoire est un m\u00e9dia digital ivoirien sp\u00e9cialis\u00e9 dans la culture urbaine, le divertissement, la musique, la mode et l\u2019actualit\u00e9 des c\u00e9l\u00e9brit\u00e9s. Il s\u2019impose comme une plateforme incontournable pour les passionn\u00e9s de la sc\u00e8ne artistique et culturelle africaine. Gr\u00e2ce \u00e0 une ligne \u00e9ditoriale dynamique et moderne, Salivoire capte l\u2019attention d\u2019un large public avide de contenus exclusifs et authentiques.<\/p>\t\t\t\t<\/div>\n\t\t\t\t<\/div>\n\t\t\t\t\t<\/div>\n\t\t<\/div>\n\t\t\t\t\t<\/div>\n\t\t<\/section>\n\t\t\t\t<section class=\"elementor-section elementor-top-section elementor-element elementor-element-3646e38 elementor-section-boxed elementor-section-height-default elementor-section-height-default\" data-id=\"3646e38\" data-element_type=\"section\" data-settings=\"{&quot;background_background&quot;:&quot;classic&quot;}\">\n\t\t\t\t\t\t<div class=\"elementor-container elementor-column-gap-default\">\n\t\t\t\t\t<div class=\"elementor-column elementor-col-100 elementor-top-column elementor-element elementor-element-7bbc3df\" data-id=\"7bbc3df\" data-element_type=\"column\">\n\t\t\t<div class=\"elementor-widget-wrap\">\n\t\t\t\t\t\t\t<\/div>\n\t\t<\/div>\n\t\t\t\t\t<\/div>\n\t\t<\/section>\n\t\t\t\t<section class=\"elementor-section elementor-top-section elementor-element elementor-element-8d2a366 elementor-section-boxed elementor-section-height-default elementor-section-height-default\" data-id=\"8d2a366\" data-element_type=\"section\">\n\t\t\t\t\t\t<div class=\"elementor-container elementor-column-gap-default\">\n\t\t\t\t\t<div class=\"elementor-column elementor-col-100 elementor-top-column elementor-element elementor-element-1e0a895\" data-id=\"1e0a895\" data-element_type=\"column\">\n\t\t\t<div class=\"elementor-widget-wrap elementor-element-populated\">\n\t\t\t\t\t\t<div class=\"elementor-element elementor-element-8149751 elementor-widget elementor-widget-heading\" data-id=\"8149751\" data-element_type=\"widget\" data-widget_type=\"heading.default\">\n\t\t\t\t<div class=\"elementor-widget-container\">\n\t\t\t\t\t<h1 class=\"elementor-heading-title elementor-size-default\">Les fondateurs du m\u00e9dia<\/h1>\t\t\t\t<\/div>\n\t\t\t\t<\/div>\n\t\t\t\t<div class=\"elementor-element elementor-element-b2eb78b elementor-widget elementor-widget-heading\" data-id=\"b2eb78b\" data-element_type=\"widget\" data-widget_type=\"heading.default\">\n\t\t\t\t<div class=\"elementor-widget-container\">\n\t\t\t\t\t<p class=\"elementor-heading-title elementor-size-default\">Tous les deux passionn\u00e9s de rap et experts en Marketing digital avec plusieurs ann\u00e9es d'exp\u00e9riences \u00e0 leur actif, Karl &amp; Fred ont d\u00e9cid\u00e9 de mettre leur expertise au service du Rap Ivoire en cr\u00e9ant SALIVOIRE.<\/p>\t\t\t\t<\/div>\n\t\t\t\t<\/div>\n\t\t\t\t\t<\/div>\n\t\t<\/div>\n\t\t\t\t\t<\/div>\n\t\t<\/section>\n\t\t<div class=\"elementor-element elementor-element-40cb444 e-grid e-con-boxed e-con e-parent\" data-id=\"40cb444\" data-element_type=\"container\">\n\t\t\t\t\t<div class=\"e-con-inner\">\n\t\t\t\t<div class=\"elementor-element elementor-element-a22a48c elementor-widget elementor-widget-benqu-team-list-widget\" data-id=\"a22a48c\" data-element_type=\"widget\" data-widget_type=\"benqu-team-list-widget.default\">\n\t\t\t\t<div class=\"elementor-widget-container\">\n\t\t\t\t\t\t\t<div class=\"bnq__team_list_item d-flex align-items-center \">\r\n\t\t\t<div class=\"bnq_list_team_img\">\r\n\t\t\t\t<img decoding=\"async\" src=\"https:\/\/salivoire.com\/wp-content\/uploads\/2025\/03\/Fred-Kadio-bio-2.jpg\" alt=\"\">\r\n\t\t\t<\/div>\r\n\t\t\t<div class=\"bnq__team_content\">\r\n\t\t\t\t\t\t\t\t<h1>Fred Kadio<\/h1>\r\n\t\t\t\t<span class=\"deg\">Creative Director<\/span>\t\r\n\t\t\t\t<p>Fred Kadio, directeur artistique et professeur en marketing digital, a choisi de s\u00e9tablir au Maroc il y a plus de 10 ans. Sa carri\u00e8re lui a permis de d\u00e9velopper une expertise pointue dans la cr\u00e9ation visuelle et le branding, deux \u00e9l\u00e9ments essentiels dans la strat\u00e9gie de communication. En se qualifiant lui-m\u00eame d\"agence de communication ambulante\", il refl\u00e8te sa polyvalence et sa capacit\u00e9 \u00e0 transposer des concepts cr\u00e9atifs en r\u00e9alit\u00e9s num\u00e9riques.<\/p>\t\t\t\r\n\t\t\t\t<div class=\"bnq_team__social_icon\">\r\n\t\t\t\t\t\t\t\t\t\t\t<a class=\"elementor-repeater-item-450620c\" href=\"https:\/\/www.instagram.com\/fredkadio\/\"><svg aria-hidden=\"true\" class=\"e-font-icon-svg e-fab-instagram\" viewBox=\"0 0 448 512\" xmlns=\"http:\/\/www.w3.org\/2000\/svg\"><path d=\"M224.1 141c-63.6 0-114.9 51.3-114.9 114.9s51.3 114.9 114.9 114.9S339 319.5 339 255.9 287.7 141 224.1 141zm0 189.6c-41.1 0-74.7-33.5-74.7-74.7s33.5-74.7 74.7-74.7 74.7 33.5 74.7 74.7-33.6 74.7-74.7 74.7zm146.4-194.3c0 14.9-12 26.8-26.8 26.8-14.9 0-26.8-12-26.8-26.8s12-26.8 26.8-26.8 26.8 12 26.8 26.8zm76.1 27.2c-1.7-35.9-9.9-67.7-36.2-93.9-26.2-26.2-58-34.4-93.9-36.2-37-2.1-147.9-2.1-184.9 0-35.8 1.7-67.6 9.9-93.9 36.1s-34.4 58-36.2 93.9c-2.1 37-2.1 147.9 0 184.9 1.7 35.9 9.9 67.7 36.2 93.9s58 34.4 93.9 36.2c37 2.1 147.9 2.1 184.9 0 35.9-1.7 67.7-9.9 93.9-36.2 26.2-26.2 34.4-58 36.2-93.9 2.1-37 2.1-147.8 0-184.8zM398.8 388c-7.8 19.6-22.9 34.7-42.6 42.6-29.5 11.7-99.5 9-132.1 9s-102.7 2.6-132.1-9c-19.6-7.8-34.7-22.9-42.6-42.6-11.7-29.5-9-99.5-9-132.1s-2.6-102.7 9-132.1c7.8-19.6 22.9-34.7 42.6-42.6 29.5-11.7 99.5-9 132.1-9s102.7-2.6 132.1 9c19.6 7.8 34.7 22.9 42.6 42.6 11.7 29.5 9 99.5 9 132.1s2.7 102.7-9 132.1z\"><\/path><\/svg><\/a>\r\n\t\t\t\t\t\t\t\t\t\t\t<a class=\"elementor-repeater-item-edfdfb5\" href=\"https:\/\/x.com\/FredKadio\"><svg aria-hidden=\"true\" class=\"e-font-icon-svg e-fab-twitter\" viewBox=\"0 0 512 512\" xmlns=\"http:\/\/www.w3.org\/2000\/svg\"><path d=\"M459.37 151.716c.325 4.548.325 9.097.325 13.645 0 138.72-105.583 298.558-298.558 298.558-59.452 0-114.68-17.219-161.137-47.106 8.447.974 16.568 1.299 25.34 1.299 49.055 0 94.213-16.568 130.274-44.832-46.132-.975-84.792-31.188-98.112-72.772 6.498.974 12.995 1.624 19.818 1.624 9.421 0 18.843-1.3 27.614-3.573-48.081-9.747-84.143-51.98-84.143-102.985v-1.299c13.969 7.797 30.214 12.67 47.431 13.319-28.264-18.843-46.781-51.005-46.781-87.391 0-19.492 5.197-37.36 14.294-52.954 51.655 63.675 129.3 105.258 216.365 109.807-1.624-7.797-2.599-15.918-2.599-24.04 0-57.828 46.782-104.934 104.934-104.934 30.213 0 57.502 12.67 76.67 33.137 23.715-4.548 46.456-13.32 66.599-25.34-7.798 24.366-24.366 44.833-46.132 57.827 21.117-2.273 41.584-8.122 60.426-16.243-14.292 20.791-32.161 39.308-52.628 54.253z\"><\/path><\/svg><\/a>\r\n\t\t\t\t\t\t\t\t\t\t\t<a class=\"elementor-repeater-item-eb30988\" href=\"https:\/\/www.facebook.com\/fred.kadio\"><svg aria-hidden=\"true\" class=\"e-font-icon-svg e-fab-facebook\" viewBox=\"0 0 512 512\" xmlns=\"http:\/\/www.w3.org\/2000\/svg\"><path d=\"M504 256C504 119 393 8 256 8S8 119 8 256c0 123.78 90.69 226.38 209.25 245V327.69h-63V256h63v-54.64c0-62.15 37-96.48 93.67-96.48 27.14 0 55.52 4.84 55.52 4.84v61h-31.28c-30.8 0-40.41 19.12-40.41 38.73V256h68.78l-11 71.69h-57.78V501C413.31 482.38 504 379.78 504 256z\"><\/path><\/svg><\/a>\r\n\t\t\t\t\t\t\t\t\t<\/div>\r\n\t\t\t<\/div>\r\n\t\t<\/div>\r\n    \t\t\t\t<\/div>\n\t\t\t\t<\/div>\n\t\t\t\t<div class=\"elementor-element elementor-element-b3fe14a elementor-widget elementor-widget-benqu-team-list-widget\" data-id=\"b3fe14a\" data-element_type=\"widget\" data-widget_type=\"benqu-team-list-widget.default\">\n\t\t\t\t<div class=\"elementor-widget-container\">\n\t\t\t\t\t\t\t<div class=\"bnq__team_list_item d-flex align-items-center \">\r\n\t\t\t<div class=\"bnq_list_team_img\">\r\n\t\t\t\t<img decoding=\"async\" src=\"https:\/\/salivoire.com\/wp-content\/uploads\/2025\/03\/Karl-Ekoun-bio.jpg\" alt=\"\">\r\n\t\t\t<\/div>\r\n\t\t\t<div class=\"bnq__team_content\">\r\n\t\t\t\t\t\t\t\t<h1>Karl Ekoun<\/h1>\r\n\t\t\t\t<span class=\"deg\">Concept Director<\/span>\t\r\n\t\t\t\t<p>Karl Ekoun, entrepreneur et producteur d'artistes, partage \u00e9galement son temps entre la gestion\nde\nprojets\nentrepreneuriaux et la strategie digitale.\nSp\u00e9cialiste du\nd\u00e9veloppement dimage de marque et de la promotion d'artistes, Karl a une vision claire de l'industrie musicale, ce qui a jou\u00e9 un r\u00f4le majeur dans la structuration de Salivoire. Son expertise dans la gestion de projets num\u00e9riques permet au m\u00e9dia de r\u00e9pondre efficacement aux d\u00e9fis de la visibilit\u00e9 en ligne.<\/p>\t\t\t\r\n\t\t\t\t<div class=\"bnq_team__social_icon\">\r\n\t\t\t\t\t\t\t\t\t\t\t<a class=\"elementor-repeater-item-01fd2b2\" href=\"https:\/\/www.instagram.com\/karl.ekoun\/\"><svg aria-hidden=\"true\" class=\"e-font-icon-svg e-fab-instagram\" viewBox=\"0 0 448 512\" xmlns=\"http:\/\/www.w3.org\/2000\/svg\"><path d=\"M224.1 141c-63.6 0-114.9 51.3-114.9 114.9s51.3 114.9 114.9 114.9S339 319.5 339 255.9 287.7 141 224.1 141zm0 189.6c-41.1 0-74.7-33.5-74.7-74.7s33.5-74.7 74.7-74.7 74.7 33.5 74.7 74.7-33.6 74.7-74.7 74.7zm146.4-194.3c0 14.9-12 26.8-26.8 26.8-14.9 0-26.8-12-26.8-26.8s12-26.8 26.8-26.8 26.8 12 26.8 26.8zm76.1 27.2c-1.7-35.9-9.9-67.7-36.2-93.9-26.2-26.2-58-34.4-93.9-36.2-37-2.1-147.9-2.1-184.9 0-35.8 1.7-67.6 9.9-93.9 36.1s-34.4 58-36.2 93.9c-2.1 37-2.1 147.9 0 184.9 1.7 35.9 9.9 67.7 36.2 93.9s58 34.4 93.9 36.2c37 2.1 147.9 2.1 184.9 0 35.9-1.7 67.7-9.9 93.9-36.2 26.2-26.2 34.4-58 36.2-93.9 2.1-37 2.1-147.8 0-184.8zM398.8 388c-7.8 19.6-22.9 34.7-42.6 42.6-29.5 11.7-99.5 9-132.1 9s-102.7 2.6-132.1-9c-19.6-7.8-34.7-22.9-42.6-42.6-11.7-29.5-9-99.5-9-132.1s-2.6-102.7 9-132.1c7.8-19.6 22.9-34.7 42.6-42.6 29.5-11.7 99.5-9 132.1-9s102.7-2.6 132.1 9c19.6 7.8 34.7 22.9 42.6 42.6 11.7 29.5 9 99.5 9 132.1s2.7 102.7-9 132.1z\"><\/path><\/svg><\/a>\r\n\t\t\t\t\t\t\t\t\t\t\t<a class=\"elementor-repeater-item-b68c410\" href=\"https:\/\/x.com\/karlekoun\"><svg aria-hidden=\"true\" class=\"e-font-icon-svg e-fab-twitter\" viewBox=\"0 0 512 512\" xmlns=\"http:\/\/www.w3.org\/2000\/svg\"><path d=\"M459.37 151.716c.325 4.548.325 9.097.325 13.645 0 138.72-105.583 298.558-298.558 298.558-59.452 0-114.68-17.219-161.137-47.106 8.447.974 16.568 1.299 25.34 1.299 49.055 0 94.213-16.568 130.274-44.832-46.132-.975-84.792-31.188-98.112-72.772 6.498.974 12.995 1.624 19.818 1.624 9.421 0 18.843-1.3 27.614-3.573-48.081-9.747-84.143-51.98-84.143-102.985v-1.299c13.969 7.797 30.214 12.67 47.431 13.319-28.264-18.843-46.781-51.005-46.781-87.391 0-19.492 5.197-37.36 14.294-52.954 51.655 63.675 129.3 105.258 216.365 109.807-1.624-7.797-2.599-15.918-2.599-24.04 0-57.828 46.782-104.934 104.934-104.934 30.213 0 57.502 12.67 76.67 33.137 23.715-4.548 46.456-13.32 66.599-25.34-7.798 24.366-24.366 44.833-46.132 57.827 21.117-2.273 41.584-8.122 60.426-16.243-14.292 20.791-32.161 39.308-52.628 54.253z\"><\/path><\/svg><\/a>\r\n\t\t\t\t\t\t\t\t\t\t\t<a class=\"elementor-repeater-item-67d0a3b\" href=\"https:\/\/www.facebook.com\/profile.php?id=100004349897433\"><svg aria-hidden=\"true\" class=\"e-font-icon-svg e-fab-facebook\" viewBox=\"0 0 512 512\" xmlns=\"http:\/\/www.w3.org\/2000\/svg\"><path d=\"M504 256C504 119 393 8 256 8S8 119 8 256c0 123.78 90.69 226.38 209.25 245V327.69h-63V256h63v-54.64c0-62.15 37-96.48 93.67-96.48 27.14 0 55.52 4.84 55.52 4.84v61h-31.28c-30.8 0-40.41 19.12-40.41 38.73V256h68.78l-11 71.69h-57.78V501C413.31 482.38 504 379.78 504 256z\"><\/path><\/svg><\/a>\r\n\t\t\t\t\t\t\t\t\t<\/div>\r\n\t\t\t<\/div>\r\n\t\t<\/div>\r\n    \t\t\t\t<\/div>\n\t\t\t\t<\/div>\n\t\t\t\t\t<\/div>\n\t\t\t\t<\/div>\n\t\t\t\t<\/div>\n\t\t","protected":false},"excerpt":{"rendered":"<p>A propos du SAL Salivoire est un m\u00e9dia digital ivoirien sp\u00e9cialis\u00e9 dans la culture urbaine, le divertissement, la musique, la mode et l\u2019actualit\u00e9 des c\u00e9l\u00e9brit\u00e9s. Il s\u2019impose comme une plateforme incontournable pour les passionn\u00e9s de la sc\u00e8ne artistique et culturelle africaine. Gr\u00e2ce \u00e0 une ligne \u00e9ditoriale dynamique et moderne, Salivoire capte l\u2019attention d\u2019un large public [&hellip;]<\/p>\n","protected":false},"author":1,"featured_media":0,"parent":0,"menu_order":0,"comment_status":"closed","ping_status":"closed","template":"elementor-template.php","meta":{"om_disable_all_campaigns":false,"_monsterinsights_skip_tracking":false,"_monsterinsights_sitenote_active":false,"_monsterinsights_sitenote_note":"","_monsterinsights_sitenote_category":0,"_uf_show_specific_survey":0,"_uf_disable_surveys":false,"footnotes":""},"class_list":["post-1071","page","type-page","status-publish","hentry"],"aioseo_notices":[],"_links":{"self":[{"href":"https:\/\/salivoire.com\/index.php\/wp-json\/wp\/v2\/pages\/1071","targetHints":{"allow":["GET"]}}],"collection":[{"href":"https:\/\/salivoire.com\/index.php\/wp-json\/wp\/v2\/pages"}],"about":[{"href":"https:\/\/salivoire.com\/index.php\/wp-json\/wp\/v2\/types\/page"}],"author":[{"embeddable":true,"href":"https:\/\/salivoire.com\/index.php\/wp-json\/wp\/v2\/users\/1"}],"replies":[{"embeddable":true,"href":"https:\/\/salivoire.com\/index.php\/wp-json\/wp\/v2\/comments?post=1071"}],"version-history":[{"count":6,"href":"https:\/\/salivoire.com\/index.php\/wp-json\/wp\/v2\/pages\/1071\/revisions"}],"predecessor-version":[{"id":2265,"href":"https:\/\/salivoire.com\/index.php\/wp-json\/wp\/v2\/pages\/1071\/revisions\/2265"}],"wp:attachment":[{"href":"https:\/\/salivoire.com\/index.php\/wp-json\/wp\/v2\/media?parent=1071"}],"curies":[{"name":"wp","href":"https:\/\/api.w.org\/{rel}","templated":true}]}}